{"id":4525,"date":"2015-08-26T07:28:30","date_gmt":"2015-08-26T07:28:30","guid":{"rendered":"http:\/\/anmpa.com\/?page_id=4525"},"modified":"2020-03-28T17:31:21","modified_gmt":"2020-03-28T17:31:21","slug":"secure-title","status":"publish","type":"page","link":"https:\/\/anmpa.com\/es\/secure-title\/","title":{"rendered":"Secure Title"},"content":{"rendered":"<!--themify_builder_content-->\n<div id=\"themify_builder_content-4525\" data-postid=\"4525\" class=\"themify_builder_content themify_builder_content-4525 themify_builder tf_clear\">\n                    <div  data-lazy=\"1\" class=\"module_row themify_builder_row tb_qu33367 tb_first tf_w\">\n                        <div class=\"row_inner col_align_top tb_col_count_1 tf_box tf_rel\">\n                        <div  data-lazy=\"1\" class=\"module_column tb-column col-full  tb_x9c1228 first\">\n                    <!-- module image -->\n<div  class=\"module module-image tb_ktku379 image-center    tf_mw\" data-lazy=\"1\">\n        <div class=\"image-wrap tf_rel tf_mw\">\n            <img loading=\"lazy\" decoding=\"async\" src=\"http:\/\/anmpa.com\/wp-content\/uploads\/2015\/08\/Secure_Logo-e1455549759252-300x109.png\" width=\"300\" height=\"109\" title=\"Secure Title\" alt=\"Secure Title\">    \n        <\/div>\n    <!-- \/image-wrap -->\n    \n        <\/div>\n<!-- \/module image --><!-- module text -->\n<div  class=\"module module-text tb_pke6008   \" data-lazy=\"1\">\n        <div  class=\"tb_text_wrap\">\n        <p>Secure Title and Trust, LLC es una compa\u00f1\u00eda de t\u00edtulo operada por un abogado sirviendo al sur de la Florida. Estamos disponibles para cierres en nuestra oficina principal en el Doral o en toda la Florida. Estamos encantados de proporcionar draft settlement statements y responder a cualquier pregunta que tenga. Puede contactarnos a <a href=\"mailto:info@securetitleandtrust.com\">info@securetitleandtrust.com<\/a> o (305) 559-1600.<\/p>    <\/div>\n<\/div>\n<!-- \/module text --><!-- module image -->\n<div  class=\"module module-image tb_fs42000 image-center    tf_mw\" data-lazy=\"1\">\n        <div class=\"image-wrap tf_rel tf_mw\">\n            <img loading=\"lazy\" decoding=\"async\" src=\"http:\/\/anmpa.com\/wp-content\/uploads\/2016\/02\/LOGO-CTC-2014-3201-255x300.png\" width=\"255\" height=\"300\" title=\"Secure Title\" alt=\"Secure Title\">    \n        <\/div>\n    <!-- \/image-wrap -->\n    \n        <\/div>\n<!-- \/module image -->        <\/div>\n                        <\/div>\n        <\/div>\n        <\/div>\n<!--\/themify_builder_content-->","protected":false},"excerpt":{"rendered":"<p>Secure Title and Trust, LLC es una compa\u00f1\u00eda de t\u00edtulo operada por un abogado sirviendo al sur de la Florida. Estamos disponibles para cierres en nuestra oficina principal en el Doral o en toda la Florida. Estamos encantados de proporcionar draft settlement statements y responder a cualquier pregunta que tenga. Puede contactarnos a info@securetitleandtrust.com o [&hellip;]<\/p>\n","protected":false},"author":1,"featured_media":0,"parent":0,"menu_order":0,"comment_status":"closed","ping_status":"closed","template":"","meta":{"_acf_changed":false,"footnotes":""},"class_list":["post-4525","page","type-page","status-publish","hentry","has-post-title","has-post-date","has-post-category","has-post-tag","has-post-comment","has-post-author",""],"acf":[],"builder_content":"<img src=\"http:\/\/anmpa.com\/wp-content\/uploads\/2015\/08\/Secure_Logo-e1455549759252-300x109.png\" width=\"300\" height=\"109\" title=\"Secure Title\" alt=\"Secure Title\">\n<p>Secure Title and Trust, LLC es una compa\u00f1\u00eda de t\u00edtulo operada por un abogado sirviendo al sur de la Florida. Estamos disponibles para cierres en nuestra oficina principal en el Doral o en toda la Florida. Estamos encantados de proporcionar draft settlement statements y responder a cualquier pregunta que tenga. Puede contactarnos a <a href=\"mailto:info@securetitleandtrust.com\">info@securetitleandtrust.com<\/a> o (305) 559-1600.<\/p>\n<img src=\"http:\/\/anmpa.com\/wp-content\/uploads\/2016\/02\/LOGO-CTC-2014-3201-255x300.png\" width=\"255\" height=\"300\" title=\"Secure Title\" alt=\"Secure Title\">","_links":{"self":[{"href":"https:\/\/anmpa.com\/es\/wp-json\/wp\/v2\/pages\/4525","targetHints":{"allow":["GET"]}}],"collection":[{"href":"https:\/\/anmpa.com\/es\/wp-json\/wp\/v2\/pages"}],"about":[{"href":"https:\/\/anmpa.com\/es\/wp-json\/wp\/v2\/types\/page"}],"author":[{"embeddable":true,"href":"https:\/\/anmpa.com\/es\/wp-json\/wp\/v2\/users\/1"}],"replies":[{"embeddable":true,"href":"https:\/\/anmpa.com\/es\/wp-json\/wp\/v2\/comments?post=4525"}],"version-history":[{"count":3,"href":"https:\/\/anmpa.com\/es\/wp-json\/wp\/v2\/pages\/4525\/revisions"}],"predecessor-version":[{"id":4637,"href":"https:\/\/anmpa.com\/es\/wp-json\/wp\/v2\/pages\/4525\/revisions\/4637"}],"wp:attachment":[{"href":"https:\/\/anmpa.com\/es\/wp-json\/wp\/v2\/media?parent=4525"}],"curies":[{"name":"wp","href":"https:\/\/api.w.org\/{rel}","templated":true}]}}