{"id":4196,"date":"2015-01-03T17:40:47","date_gmt":"2015-01-03T17:40:47","guid":{"rendered":"http:\/\/anmpa.com\/home-copy\/"},"modified":"2020-05-05T11:36:15","modified_gmt":"2020-05-05T11:36:15","slug":"acerca-de-nosotros","status":"publish","type":"page","link":"https:\/\/anmpa.com\/es\/acerca-de-nosotros\/","title":{"rendered":"Acerca de Nosotros"},"content":{"rendered":"<!--themify_builder_content-->\n<div id=\"themify_builder_content-4196\" data-postid=\"4196\" class=\"themify_builder_content themify_builder_content-4196 themify_builder tf_clear\">\n                    <div  data-lazy=\"1\" class=\"module_row themify_builder_row tb_9iuz880 tb_first tf_w\">\n                        <div class=\"row_inner col_align_top tb_col_count_1 tf_box tf_rel\">\n                        <div  data-lazy=\"1\" class=\"module_column tb-column col-full tb_iydd801 first\">\n                    <!-- module text -->\n<div  class=\"module module-text tb_sbvx688   \" data-lazy=\"1\">\n        <div  class=\"tb_text_wrap\">\n        <h2>Acerca de Moris &amp; Associates<\/h2>    <\/div>\n<\/div>\n<!-- \/module text --><!-- module image -->\n<div  class=\"module module-image tb_dqvw188 image-top   auto_fullwidth tf_mw\" data-lazy=\"1\">\n        <div class=\"image-wrap tf_rel tf_mw\">\n            <img loading=\"lazy\" decoding=\"async\" src=\"http:\/\/anmpa.com\/es\/wp-content\/uploads\/sites\/7\/2015\/01\/Moris-and-associates-team-of-florida-attorneys.jpg\" width=\"1500\" height=\"541\" title=\"Acerca de Nosotros\" alt=\"Acerca de Nosotros\">    \n        <\/div>\n    <!-- \/image-wrap -->\n    \n        <\/div>\n<!-- \/module image --><!-- module text -->\n<div  class=\"module module-text tb_axm9004   \" data-lazy=\"1\">\n        <div  class=\"tb_text_wrap\">\n        <p>Moris &amp; Associates es una firma de abogados boutique altamente calificada cuya pr\u00e1ctica de la ley utiliza razonamiento legal sofisticado y ofrece atenci\u00f3n personalizada a cada cliente.\u00a0 Entendemos las necesidades de nuestros clientes y de la industria para poder proporcionar una soluci\u00f3n altamente personalizada y t\u00e9cnica legal.<\/p><h3 style=\"text-align: center;\">Nuestros abogados se basan en cinco valores fundamentales:<\/h3>    <\/div>\n<\/div>\n<!-- \/module text -->        <\/div>\n                        <\/div>\n        <\/div>\n                        <div  data-lazy=\"1\" class=\"module_row themify_builder_row tb_beyj008 tf_w\">\n                        <div class=\"row_inner col_align_top tb_col_count_2 tf_box tf_rel\">\n                        <div  data-lazy=\"1\" class=\"module_column tb-column col4-2 tb_b41t018 first\">\n                    <!-- module text -->\n<div  class=\"module module-text tb_oxmr000    wow\" data-tf-animation=\"fadeInLeft\" data-lazy=\"1\">\n        <div  class=\"tb_text_wrap\">\n        <div style=\"display: block; float: left;\"><span class=\"shortcode themify-icon tf_circle_bg large rounded\"><i class=\"themify-icon-icon\" style=\"background-color: #01295d;color: #fff;\"><svg  class=\"tf_fa tf-fas-gavel\" aria-hidden=\"true\"><use href=\"#tf-fas-gavel\"><\/use><\/svg><\/i><\/span><\/div><div style=\"padding-left: 55px;\"><h3>Asesor\u00eda<\/h3><p>Ofrecemos una soluci\u00f3n flexible y una relaci\u00f3n personal, pero esto nunca llegar\u00e1 a expensas de nuestra franqueza.<\/p><\/div>    <\/div>\n<\/div>\n<!-- \/module text -->        <\/div>\n                    <div  data-lazy=\"1\" class=\"module_column tb-column col4-2 tb_vikv088 last\">\n                    <!-- module text -->\n<div  class=\"module module-text tb_2sj3200    wow\" data-tf-animation=\"fadeInUp\" data-lazy=\"1\">\n        <div  class=\"tb_text_wrap\">\n        <div style=\"display: block; float: left;\"><span class=\"shortcode themify-icon tf_circle_bg large rounded\"><i class=\"themify-icon-icon\" style=\"background-color: #01295d;color: #fff;\"><svg  class=\"tf_fa tf-fas-cogs\" aria-hidden=\"true\"><use href=\"#tf-fas-cogs\"><\/use><\/svg><\/i><\/span><\/div><div style=\"padding-left: 55px;\"><h3>Competencia<\/h3><p>Nuestra competencia proviene de tres cosas: dedicaci\u00f3n, investigaci\u00f3n y experiencia.<\/p><\/div>    <\/div>\n<\/div>\n<!-- \/module text -->        <\/div>\n                        <\/div>\n        <\/div>\n                        <div  data-lazy=\"1\" class=\"module_row themify_builder_row tb_p0pq980 tf_w\">\n                        <div class=\"row_inner col_align_top tb_col_count_2 tf_box tf_rel\">\n                        <div  data-lazy=\"1\" class=\"module_column tb-column col4-2 tb_qvh5898 first\">\n                    <!-- module text -->\n<div  class=\"module module-text tb_mrr7200    wow\" data-tf-animation=\"fadeInRight\" data-lazy=\"1\">\n        <div  class=\"tb_text_wrap\">\n        <div style=\"display: block; float: left;\"><span class=\"shortcode themify-icon tf_circle_bg large rounded\"><i class=\"themify-icon-icon\" style=\"background-color: #01295d;color: #fff;\"><svg  class=\"tf_fa tf-fas-mobile\" aria-hidden=\"true\"><use href=\"#tf-fas-mobile\"><\/use><\/svg><\/i><\/span><\/div><div style=\"padding-left: 55px;\"><h3>Correctos<\/h3><p>Somos transparente y directos con nuestros clientes. Siempre te mantendremos actualizado de la situaci\u00f3n actual de su caso.<\/p><\/div>    <\/div>\n<\/div>\n<!-- \/module text -->        <\/div>\n                    <div  data-lazy=\"1\" class=\"module_column tb-column col4-2 tb_vncn088 last\">\n                    <!-- module text -->\n<div  class=\"module module-text tb_sjk8092    wow\" data-tf-animation=\"fadeInDown\" data-lazy=\"1\">\n        <div  class=\"tb_text_wrap\">\n        <div style=\"display: block; float: left;\"><span class=\"shortcode themify-icon tf_circle_bg large rounded\"><i class=\"themify-icon-icon\" style=\"background-color: #01295d;color: #fff;\"><svg  class=\"tf_fa tf-fas-check\" aria-hidden=\"true\"><use href=\"#tf-fas-check\"><\/use><\/svg><\/i><\/span><\/div><div style=\"padding-left: 55px;\"><h3>Resultados Concretos<\/h3><p>A\u00fan si los oropeles mejoran las apariencias, el producto final es lo que importa. Nuestro foco es lograr el mejor resultado.<\/p><\/div>    <\/div>\n<\/div>\n<!-- \/module text -->        <\/div>\n                        <\/div>\n        <\/div>\n                        <div  data-lazy=\"1\" class=\"module_row themify_builder_row tb_w8qc120 tf_w\">\n                        <div class=\"row_inner col_align_top tb_col_count_2 tf_box tf_rel\">\n                        <div  data-lazy=\"1\" class=\"module_column tb-column col4-2 tb_2hke500 first\">\n                    <!-- module text -->\n<div  class=\"module module-text tb_ptta092    wow\" data-tf-animation=\"fadeInRight\" data-lazy=\"1\">\n        <div  class=\"tb_text_wrap\">\n        <div style=\"display: block; float: left;\"><span class=\"shortcode themify-icon tf_circle_bg large rounded\"><i class=\"themify-icon-icon\" style=\"background-color: #01295d;color: #fff;\"><svg  class=\"tf_fa tf-far-lightbulb-o\" aria-hidden=\"true\"><use href=\"#tf-far-lightbulb-o\"><\/use><\/svg><\/i><\/span><\/div><div style=\"padding-left: 55px;\"><h3>Soluciones creativas<\/h3><p>La creatividad es la capacidad de sumar 2 + 2 y llegar a 5. Nosotros ofrecemos soluciones creativas a los problemas m\u00e1s complejos.<\/p><\/div>    <\/div>\n<\/div>\n<!-- \/module text -->        <\/div>\n                    <div  data-lazy=\"1\" class=\"module_column tb-column col4-2 tb_38wl808 last\">\n                            <\/div>\n                        <\/div>\n        <\/div>\n        <\/div>\n<!--\/themify_builder_content-->","protected":false},"excerpt":{"rendered":"<p>Acerca de Moris &amp; Associates Moris &amp; Associates es una firma de abogados boutique altamente calificada cuya pr\u00e1ctica de la ley utiliza razonamiento legal sofisticado y ofrece atenci\u00f3n personalizada a cada cliente.\u00a0 Entendemos las necesidades de nuestros clientes y de la industria para poder proporcionar una soluci\u00f3n altamente personalizada y t\u00e9cnica legal. Nuestros abogados se [&hellip;]<\/p>\n","protected":false},"author":1,"featured_media":0,"parent":0,"menu_order":0,"comment_status":"closed","ping_status":"closed","template":"","meta":{"_acf_changed":false,"footnotes":""},"class_list":["post-4196","page","type-page","status-publish","hentry","has-post-title","has-post-date","has-post-category","has-post-tag","has-post-comment","has-post-author",""],"acf":[],"builder_content":"<h2>Acerca de Moris &amp; Associates<\/h2>\n<img src=\"http:\/\/anmpa.com\/es\/wp-content\/uploads\/sites\/7\/2015\/01\/Moris-and-associates-team-of-florida-attorneys.jpg\" width=\"1500\" height=\"541\" title=\"Acerca de Nosotros\" alt=\"Acerca de Nosotros\">\n<p>Moris &amp; Associates es una firma de abogados boutique altamente calificada cuya pr\u00e1ctica de la ley utiliza razonamiento legal sofisticado y ofrece atenci\u00f3n personalizada a cada cliente.\u00a0 Entendemos las necesidades de nuestros clientes y de la industria para poder proporcionar una soluci\u00f3n altamente personalizada y t\u00e9cnica legal.<\/p><h3 style=\"text-align: center;\">Nuestros abogados se basan en cinco valores fundamentales:<\/h3>\n[themify_icon icon=\"fa-gavel\" icon_bg=\"#01295d\" icon_color=\"#fff\" style=\"large\u00a0rounded\"]<h3>Asesor\u00eda<\/h3><p>Ofrecemos una soluci\u00f3n flexible y una relaci\u00f3n personal, pero esto nunca llegar\u00e1 a expensas de nuestra franqueza.<\/p>\n[themify_icon icon=\"fa-cogs\" icon_bg=\"#01295d\" icon_color=\"#fff\" style=\"large\u00a0rounded\"]<h3>Competencia<\/h3><p>Nuestra competencia proviene de tres cosas: dedicaci\u00f3n, investigaci\u00f3n y experiencia.<\/p>\n[themify_icon icon=\"fa-mobile\" icon_bg=\"#01295d\" icon_color=\"#fff\" style=\"large\u00a0rounded\"]<h3>Correctos<\/h3><p>Somos transparente y directos con nuestros clientes. Siempre te mantendremos actualizado de la situaci\u00f3n actual de su caso.<\/p>\n[themify_icon icon=\"fa-check\" icon_bg=\"#01295d\" icon_color=\"#fff\" style=\"large\u00a0rounded\"]<h3>Resultados Concretos<\/h3><p>A\u00fan si los oropeles mejoran las apariencias, el producto final es lo que importa. Nuestro foco es lograr el mejor resultado.<\/p>\n[themify_icon icon=\"fa-lightbulb-o\" icon_bg=\"#01295d\" icon_color=\"#fff\" style=\"large\u00a0rounded\"]<h3>Soluciones creativas<\/h3><p>La creatividad es la capacidad de sumar 2 + 2 y llegar a 5. Nosotros ofrecemos soluciones creativas a los problemas m\u00e1s complejos.<\/p>","_links":{"self":[{"href":"https:\/\/anmpa.com\/es\/wp-json\/wp\/v2\/pages\/4196","targetHints":{"allow":["GET"]}}],"collection":[{"href":"https:\/\/anmpa.com\/es\/wp-json\/wp\/v2\/pages"}],"about":[{"href":"https:\/\/anmpa.com\/es\/wp-json\/wp\/v2\/types\/page"}],"author":[{"embeddable":true,"href":"https:\/\/anmpa.com\/es\/wp-json\/wp\/v2\/users\/1"}],"replies":[{"embeddable":true,"href":"https:\/\/anmpa.com\/es\/wp-json\/wp\/v2\/comments?post=4196"}],"version-history":[{"count":5,"href":"https:\/\/anmpa.com\/es\/wp-json\/wp\/v2\/pages\/4196\/revisions"}],"predecessor-version":[{"id":4782,"href":"https:\/\/anmpa.com\/es\/wp-json\/wp\/v2\/pages\/4196\/revisions\/4782"}],"wp:attachment":[{"href":"https:\/\/anmpa.com\/es\/wp-json\/wp\/v2\/media?parent=4196"}],"curies":[{"name":"wp","href":"https:\/\/api.w.org\/{rel}","templated":true}]}}