{"id":4181,"date":"2015-01-02T16:54:04","date_gmt":"2015-01-02T16:54:04","guid":{"rendered":"http:\/\/anmpa.com\/?page_id=4181"},"modified":"2020-05-05T10:40:44","modified_gmt":"2020-05-05T10:40:44","slug":"areas-de-practica","status":"publish","type":"page","link":"https:\/\/anmpa.com\/es\/","title":{"rendered":"Home"},"content":{"rendered":"<p><\/p>\n<!--themify_builder_content-->\n<div id=\"themify_builder_content-4181\" data-postid=\"4181\" class=\"themify_builder_content themify_builder_content-4181 themify_builder tf_clear\">\n                    <div  data-parallax-bg=\"desktop\" data-css_id=\"w2se970\" data-lazy=\"1\" class=\"module_row themify_builder_row valigntop fullheight fullwidth_row_container tb_w2se970 tb_first tf_w\">\n                        <div class=\"row_inner gutter-narrow col_align_top tb_col_count_1 tf_box tf_rel\">\n                        <div  data-lazy=\"1\" class=\"module_column tb-column col-full tb_0zd0004 first\">\n                    <!-- module image -->\n<div  class=\"module module-image tb_m7g7926 image-center   tf_mw\" data-lazy=\"1\">\n        <div class=\"image-wrap tf_rel tf_mw\">\n            <img loading=\"lazy\" decoding=\"async\" src=\"http:\/\/anmpa.com\/wp-content\/uploads\/2016\/02\/morislogo.png\" width=\"534\" height=\"150\" alt=\"Moris &amp; Associates\">    \n        <\/div>\n    <!-- \/image-wrap -->\n    \n        <\/div>\n<!-- \/module image --><!-- module text -->\n<div  class=\"module module-text tb_q4uc439   \" data-lazy=\"1\">\n        <div  class=\"tb_text_wrap\">\n        <h1 class=\"attorneytrust\">Abogados de confianza<\/h1>    <\/div>\n<\/div>\n<!-- \/module text --><!-- module text -->\n<div  class=\"module module-text tb_4vcv292   \" data-lazy=\"1\">\n        <div  class=\"tb_text_wrap\">\n        <p style=\"text-align: center;\"><a href=\"http:\/\/anmpa.com\/es\/acerca-de-nosotros\/\" class=\"shortcode button    \" style=\"background-color: #01295d;color: #fff;\">Acerca de Nosotros<\/a><a href=\"#practices\" class=\"shortcode button    \" style=\"background-color: #01295d;color: #fff;\">\u00c1reas de Pr\u00e1ctica<\/a><a href=\"#attorneys\" class=\"shortcode button    \" style=\"background-color: #01295d;color: #fff;\">Profesionales<\/a><\/p>    <\/div>\n<\/div>\n<!-- \/module text --><!-- module widget -->\n<div  class=\"module module-widget tb_he3q203  \" data-lazy=\"1\">\n    <\/div>\n<!-- \/module widget -->\n        <\/div>\n                        <\/div>\n        <\/div>\n                        <div  data-anchor=\"practices\" data-lazy=\"1\" class=\"module_row themify_builder_row tb_has_section tb_section-practices tb_zyec720 tf_w\">\n                        <div class=\"row_inner col_align_top tb_col_count_1 tf_box tf_rel\">\n                        <div  data-lazy=\"1\" class=\"module_column tb-column col-full tb_3xsk832 first\">\n                    <!-- module text -->\n<div  class=\"module module-text tb_d27k070   \" data-lazy=\"1\">\n        <div  class=\"tb_text_wrap\">\n        <h2>Nuestras \u00c1reas de Pr\u00e1ctica<\/h2>    <\/div>\n<\/div>\n<!-- \/module text --><!-- module text -->\n<div  class=\"module module-text tb_wv5m237   \" data-lazy=\"1\">\n        <div  class=\"tb_text_wrap\">\n        <p>S\u00f3lo trabajamos con las especialidades que nos apasionan. Ofrecemos representaci\u00f3n personalizada y sofisticada a privados, empresarios, inversionistas y peque\u00f1as y medianas empresas.<\/p>    <\/div>\n<\/div>\n<!-- \/module text -->        <\/div>\n                        <\/div>\n        <\/div>\n                        <div  data-lazy=\"1\" class=\"module_row themify_builder_row tb_5mny000 tf_w\">\n                        <div class=\"row_inner col_align_top tb_col_count_1 tf_box tf_rel\">\n                        <div  data-lazy=\"1\" class=\"module_column tb-column col-full tb_r9lx909 first\">\n                    <!-- module text -->\n<div  class=\"module module-text tb_f7e2039   \" data-lazy=\"1\">\n        <div  class=\"tb_text_wrap\">\n        \n  \t\n    \t<div class=\"shortcode col3-1 first\">\n            <div class='mlimagewrapper'><div class=\"mlimageinsidewrap\" id=\"imagedesc\"><img loading=\"lazy\" decoding=\"async\" width=\"350\" height=\"200\" src=\"https:\/\/anmpa.com\/es\/wp-content\/uploads\/sites\/7\/2016\/02\/real-estate-litigation-350x200.jpg\" class=\"attachment-practice-thumbnail size-practice-thumbnail\" alt=\"\" \/><div class='mlimagedescription'><a  href=\"https:\/\/anmpa.com\/es\/practices\/litigios-de-bienes-raices\/\">Litigios de Bienes Ra\u00edces<\/a><\/div><\/div><\/div>\n         <\/div>\n\t\n\n  \t\n\n  \t\n\n  \t\n\n  \t\n\n  \t\n\n\n        \n            <div class=\"shortcode col3-1\">\n            <div class='mlimagewrapper'><div class=\"mlimageinsidewrap\" id=\"imagedesc\"><img loading=\"lazy\" decoding=\"async\" width=\"350\" height=\"200\" src=\"https:\/\/anmpa.com\/es\/wp-content\/uploads\/sites\/7\/2016\/02\/business-counseling-350x200.jpg\" class=\"attachment-practice-thumbnail size-practice-thumbnail\" alt=\"\" \/><div class='mlimagedescription'><a  href=\"https:\/\/anmpa.com\/es\/practices\/litigio-comercial\/\">Litigio Comercial<\/a><\/div><\/div><\/div>\n            <\/div>    \n        \n\n        \n            <div class=\"shortcode col3-1\">\n            <div class='mlimagewrapper'><div class=\"mlimageinsidewrap\" id=\"imagedesc\"><img loading=\"lazy\" decoding=\"async\" width=\"350\" height=\"200\" src=\"https:\/\/anmpa.com\/es\/wp-content\/uploads\/sites\/7\/2016\/02\/real-estate-350x200.jpg\" class=\"attachment-practice-thumbnail size-practice-thumbnail\" alt=\"\" \/><div class='mlimagedescription'><a  href=\"https:\/\/anmpa.com\/es\/practices\/bienes-raices\/\">Bienes Ra\u00edces<\/a><\/div><\/div><\/div>\n            <\/div>    \n        \n\n        \n            <div class=\"shortcode col3-1 first\">\n            <div class='mlimagewrapper'><div class=\"mlimageinsidewrap\" id=\"imagedesc\"><img loading=\"lazy\" decoding=\"async\" width=\"350\" height=\"200\" src=\"https:\/\/anmpa.com\/es\/wp-content\/uploads\/sites\/7\/2016\/02\/aviation-law-350x200.jpg\" class=\"attachment-practice-thumbnail size-practice-thumbnail\" alt=\"\" \/><div class='mlimagedescription'><a  href=\"https:\/\/anmpa.com\/es\/practices\/aviacion\/\">Aviaci\u00f3n<\/a><\/div><\/div><\/div>\n             <\/div>\n        \n\n        \n            <div class=\"shortcode col3-1\">\n            <div class='mlimagewrapper'><div class=\"mlimageinsidewrap\" id=\"imagedesc\"><img loading=\"lazy\" decoding=\"async\" width=\"350\" height=\"200\" src=\"https:\/\/anmpa.com\/es\/wp-content\/uploads\/sites\/7\/2016\/02\/international-law-350x200.jpg\" class=\"attachment-practice-thumbnail size-practice-thumbnail\" alt=\"\" \/><div class='mlimagedescription'><a  href=\"https:\/\/anmpa.com\/es\/practices\/derecho-internacional\/\">Derecho Internacional<\/a><\/div><\/div><\/div>\n            <\/div>    \n        \n\n        \n            <div class=\"shortcode col3-1\">\n            <div class='mlimagewrapper'><div class=\"mlimageinsidewrap\" id=\"imagedesc\"><img loading=\"lazy\" decoding=\"async\" width=\"350\" height=\"200\" src=\"https:\/\/anmpa.com\/es\/wp-content\/uploads\/sites\/7\/2016\/02\/business-counseling-350x200.jpg\" class=\"attachment-practice-thumbnail size-practice-thumbnail\" alt=\"\" \/><div class='mlimagedescription'><a  href=\"https:\/\/anmpa.com\/es\/practices\/asesoramiento-en-negocios\/\">Asesoramiento en Negocios<\/a><\/div><\/div><\/div>\n            <\/div>    \n        \n    <\/div>\n<\/div>\n<!-- \/module text -->        <\/div>\n                        <\/div>\n        <\/div>\n                        <div  data-parallax-bg=\"desktop\" data-css_id=\"2bty802\" data-lazy=\"1\" class=\"module_row themify_builder_row fullwidth_row_container tb_2bty802 tf_w\">\n                        <div class=\"row_inner col_align_top tb_col_count_1 tf_box tf_rel\">\n                        <div  data-lazy=\"1\" class=\"module_column tb-column col-full tb_n2l5041 first\">\n                    <!-- module text -->\n<div  class=\"module module-text tb_hxpn229 servingclients  \" data-lazy=\"1\">\n        <div  class=\"tb_text_wrap\">\n        <p>Atendiendo clientes internacionales de todas partes del mundo<\/p>    <\/div>\n<\/div>\n<!-- \/module text -->        <\/div>\n                        <\/div>\n        <\/div>\n                        <div  data-anchor=\"attorneys\" data-lazy=\"1\" class=\"module_row themify_builder_row tb_has_section tb_section-attorneys tb_ful8202 tf_w\">\n                        <div class=\"row_inner col_align_top tb_col_count_1 tf_box tf_rel\">\n                        <div  data-lazy=\"1\" class=\"module_column tb-column col-full tb_919n229 first\">\n                    <!-- module text -->\n<div  class=\"module module-text tb_npnv300   \" data-lazy=\"1\">\n        <div  class=\"tb_text_wrap\">\n        <h2>Nuestro Equipo<\/h2>    <\/div>\n<\/div>\n<!-- \/module text -->        <\/div>\n                        <\/div>\n        <\/div>\n                        <div  data-lazy=\"1\" class=\"module_row themify_builder_row tb_zne4080 tf_w\">\n                        <div class=\"row_inner col_align_top tb_col_count_1 tf_box tf_rel\">\n                        <div  data-lazy=\"1\" class=\"module_column tb-column col-full tb_ukou380 first\">\n                    <!-- module text -->\n<div  class=\"module module-text tb_c7uq203   \" data-lazy=\"1\">\n        <div  class=\"tb_text_wrap\">\n        \n  \t\n    \t<div class=\"shortcode col4-1 first\">\n            <div class='mlimagewrapper'><div class=\"mlimageinsidewrap\" id=\"imagedesc\"><img loading=\"lazy\" decoding=\"async\" width=\"200\" height=\"200\" src=\"https:\/\/anmpa.com\/es\/wp-content\/uploads\/sites\/7\/2015\/08\/Alberto-N.-Moris-200x200.jpg\" class=\"attachment-attorney-thumbnail size-attorney-thumbnail wp-post-image\" alt=\"\" srcset=\"https:\/\/anmpa.com\/es\/wp-content\/uploads\/sites\/7\/2015\/08\/Alberto-N.-Moris-200x200.jpg 200w, https:\/\/anmpa.com\/es\/wp-content\/uploads\/sites\/7\/2015\/08\/Alberto-N.-Moris-300x300.jpg 300w, https:\/\/anmpa.com\/es\/wp-content\/uploads\/sites\/7\/2015\/08\/Alberto-N.-Moris-150x150.jpg 150w, https:\/\/anmpa.com\/es\/wp-content\/uploads\/sites\/7\/2015\/08\/Alberto-N.-Moris-768x768.jpg 768w, https:\/\/anmpa.com\/es\/wp-content\/uploads\/sites\/7\/2015\/08\/Alberto-N.-Moris-250x250.jpg 250w, https:\/\/anmpa.com\/es\/wp-content\/uploads\/sites\/7\/2015\/08\/Alberto-N.-Moris.jpg 1000w\" sizes=\"auto, (max-width: 200px) 100vw, 200px\" \/><div class='mlimagedescription'><a  href=\"https:\/\/anmpa.com\/es\/attorneys\/alberto-n-moris\/\">Alberto N. Moris, Esq.<\/a><\/div><\/div><\/div>\n         <\/div>\n\t\n\n  \t\n\n  \t\n\n\n        \n            <div class=\"shortcode col4-1\">\n            <div class='mlimagewrapper'><div class=\"mlimageinsidewrap\" id=\"imagedesc\"><img loading=\"lazy\" decoding=\"async\" width=\"200\" height=\"200\" src=\"https:\/\/anmpa.com\/es\/wp-content\/uploads\/sites\/7\/2018\/11\/Addys-3-Web-200x200.jpg\" class=\"attachment-attorney-thumbnail size-attorney-thumbnail wp-post-image\" alt=\"\" srcset=\"https:\/\/anmpa.com\/es\/wp-content\/uploads\/sites\/7\/2018\/11\/Addys-3-Web-200x200.jpg 200w, https:\/\/anmpa.com\/es\/wp-content\/uploads\/sites\/7\/2018\/11\/Addys-3-Web-150x150.jpg 150w, https:\/\/anmpa.com\/es\/wp-content\/uploads\/sites\/7\/2018\/11\/Addys-3-Web-250x250.jpg 250w\" sizes=\"auto, (max-width: 200px) 100vw, 200px\" \/><div class='mlimagedescription'><a  href=\"https:\/\/anmpa.com\/es\/attorneys\/addys-bermudez\/\">Addys Bermudez<\/a><\/div><\/div><\/div>\n            <\/div>    \n        \n\n        \n            <div class=\"shortcode col4-1\">\n            <div class='mlimagewrapper'><div class=\"mlimageinsidewrap\" id=\"imagedesc\"><img loading=\"lazy\" decoding=\"async\" width=\"200\" height=\"200\" src=\"https:\/\/anmpa.com\/es\/wp-content\/uploads\/sites\/7\/2018\/10\/Yolanda-4-Web-200x200.jpg\" class=\"attachment-attorney-thumbnail size-attorney-thumbnail wp-post-image\" alt=\"\" srcset=\"https:\/\/anmpa.com\/es\/wp-content\/uploads\/sites\/7\/2018\/10\/Yolanda-4-Web-200x200.jpg 200w, https:\/\/anmpa.com\/es\/wp-content\/uploads\/sites\/7\/2018\/10\/Yolanda-4-Web-150x150.jpg 150w, https:\/\/anmpa.com\/es\/wp-content\/uploads\/sites\/7\/2018\/10\/Yolanda-4-Web-250x250.jpg 250w\" sizes=\"auto, (max-width: 200px) 100vw, 200px\" \/><div class='mlimagedescription'><a  href=\"https:\/\/anmpa.com\/es\/attorneys\/yolanda-arencibia\/\">Yolanda Arencibia<\/a><\/div><\/div><\/div>\n            <\/div>    \n        \n\n    <\/div>\n<\/div>\n<!-- \/module text -->        <\/div>\n                        <\/div>\n        <\/div>\n        <\/div>\n<!--\/themify_builder_content-->","protected":false},"excerpt":{"rendered":"<p>Abogados de confianza Nuestras \u00c1reas de Pr\u00e1ctica S\u00f3lo trabajamos con las especialidades que nos apasionan. Ofrecemos representaci\u00f3n personalizada y sofisticada a privados, empresarios, inversionistas y peque\u00f1as y medianas empresas. Atendiendo clientes internacionales de todas partes del mundo Nuestro Equipo<\/p>\n","protected":false},"author":1,"featured_media":0,"parent":0,"menu_order":0,"comment_status":"closed","ping_status":"closed","template":"","meta":{"_acf_changed":false,"footnotes":""},"class_list":["post-4181","page","type-page","status-publish","hentry","has-post-title","has-post-date","has-post-category","has-post-tag","has-post-comment","has-post-author",""],"acf":[],"builder_content":"<img src=\"http:\/\/anmpa.com\/wp-content\/uploads\/2016\/02\/morislogo.png\" width=\"534\" height=\"150\" alt=\"Moris &amp; Associates\">\n<h1>Abogados de confianza<\/h1>\n<p style=\"text-align: center;\">[themify_button link=\"http:\/\/anmpa.com\/es\/acerca-de-nosotros\/\" color=\"#01295d\" text=\"#fff\"]Acerca de Nosotros[\/themify_button][themify_button link=\"#practices\" color=\"#01295d\" text=\"#fff\"]\u00c1reas de Pr\u00e1ctica[\/themify_button][themify_button link=\"#attorneys\" color=\"#01295d\" text=\"#fff\"]Profesionales[\/themify_button]<\/p>\n\n<h2>Nuestras \u00c1reas de Pr\u00e1ctica<\/h2>\n<p>S\u00f3lo trabajamos con las especialidades que nos apasionan. Ofrecemos representaci\u00f3n personalizada y sofisticada a privados, empresarios, inversionistas y peque\u00f1as y medianas empresas.<\/p>\n<p>[load file=\"practice-display.html\"]<\/p>\n<p>Atendiendo clientes internacionales de todas partes del mundo<\/p>\n<h2>Nuestro Equipo<\/h2>\n<p>[load file=\"attorneys-display.html\"]<\/p>","_links":{"self":[{"href":"https:\/\/anmpa.com\/es\/wp-json\/wp\/v2\/pages\/4181","targetHints":{"allow":["GET"]}}],"collection":[{"href":"https:\/\/anmpa.com\/es\/wp-json\/wp\/v2\/pages"}],"about":[{"href":"https:\/\/anmpa.com\/es\/wp-json\/wp\/v2\/types\/page"}],"author":[{"embeddable":true,"href":"https:\/\/anmpa.com\/es\/wp-json\/wp\/v2\/users\/1"}],"replies":[{"embeddable":true,"href":"https:\/\/anmpa.com\/es\/wp-json\/wp\/v2\/comments?post=4181"}],"version-history":[{"count":4,"href":"https:\/\/anmpa.com\/es\/wp-json\/wp\/v2\/pages\/4181\/revisions"}],"predecessor-version":[{"id":4781,"href":"https:\/\/anmpa.com\/es\/wp-json\/wp\/v2\/pages\/4181\/revisions\/4781"}],"wp:attachment":[{"href":"https:\/\/anmpa.com\/es\/wp-json\/wp\/v2\/media?parent=4181"}],"curies":[{"name":"wp","href":"https:\/\/api.w.org\/{rel}","templated":true}]}}